{"id":128,"date":"2013-10-20T13:33:33","date_gmt":"2013-10-20T11:33:33","guid":{"rendered":"http:\/\/www.danglazer.at\/web\/?page_id=128"},"modified":"2025-03-06T13:55:32","modified_gmt":"2025-03-06T12:55:32","slug":"bio","status":"publish","type":"page","link":"https:\/\/www.danglazer.at\/web\/bio\/","title":{"rendered":"Person"},"content":{"rendered":"<p><span style=\"color: #000000;\">Dan Glazer absolvierte das Schauspielstudium an der Otto-Falckenberg Schule in M\u00fcnchen (2009-2013). Seitdem spielte er in einer Vielzahl von Produktionen mit. Zwischen 2014 und 2016 war er Teil des Ensembles am Theater Ulm unter Andreas von Studnitz. Es folgten Gast-Engagements am Landestheater Vorarlberg, an der Bayerischen Staatsoper, an den M\u00fcnchner Kammerspielen und am Volkstheater Rostock. Von 2018 bis Corona-20 war er Teil des Ensembles des Theater Konstanz (Nix). 2022 und 2023 gab es eine R\u00fcckkehr ins Ensemble der Burgfestspiele Jagsthausen (Eva Hosemann). Seine bisher letzten Auftritte spielte Glazer in Liechtenstein am TAK Theater Schaan, wo er seinen Hamlet pr\u00e4sentierte, und 2024 als Humboldt die Welt verma\u00df.<\/span><\/p>\n<p>&nbsp;<\/p>\n<div style=\"width: 520px;\" class=\"wp-video\"><video class=\"wp-video-shortcode\" id=\"video-128-1\" width=\"520\" height=\"292\" preload=\"metadata\" controls=\"controls\"><source type=\"video\/mp4\" src=\"https:\/\/www.danglazer.at\/web\/wp-content\/uploads\/AboutMe25.mp4?_=1\" \/><a href=\"https:\/\/www.danglazer.at\/web\/wp-content\/uploads\/AboutMe25.mp4\">https:\/\/www.danglazer.at\/web\/wp-content\/uploads\/AboutMe25.mp4<\/a><\/video><\/div>\n<p><span style=\"color: #000000;\"><strong>Steckbrief:<\/strong><\/span><br \/>\n<span style=\"color: #000000;\"><strong>Name:<\/strong> Dan Glazer<a style=\"color: #000000;\" href=\"https:\/\/www.danglazer.at\/web\/wp-content\/uploads\/RKS6867-Bearbeitet-scaled.jpg\"><img loading=\"lazy\" decoding=\"async\" class=\"alignright wp-image-2288 size-medium\" src=\"https:\/\/www.danglazer.at\/web\/wp-content\/uploads\/RKS6867-Bearbeitet-200x300.jpg\" alt=\"\" width=\"200\" height=\"300\" srcset=\"https:\/\/www.danglazer.at\/web\/wp-content\/uploads\/RKS6867-Bearbeitet-200x300.jpg 200w, https:\/\/www.danglazer.at\/web\/wp-content\/uploads\/RKS6867-Bearbeitet-683x1024.jpg 683w, https:\/\/www.danglazer.at\/web\/wp-content\/uploads\/RKS6867-Bearbeitet-768x1152.jpg 768w, https:\/\/www.danglazer.at\/web\/wp-content\/uploads\/RKS6867-Bearbeitet-1024x1536.jpg 1024w, https:\/\/www.danglazer.at\/web\/wp-content\/uploads\/RKS6867-Bearbeitet-1366x2048.jpg 1366w, https:\/\/www.danglazer.at\/web\/wp-content\/uploads\/RKS6867-Bearbeitet-scaled.jpg 1707w\" sizes=\"auto, (max-width: 200px) 100vw, 200px\" \/><\/a><\/span><br \/>\n<span style=\"color: #000000;\"><strong>Geboren:<\/strong>&nbsp;1990 in Wien<\/span><br \/>\n<span style=\"color: #000000;\"><strong>Ausbildung:<\/strong> Otto-Falckenberg Schule M\u00fcnchen (2009-2013)<\/span><br \/>\n<span style=\"color: #000000;\"><strong>Sprachen:<\/strong> Englisch (flie\u00dfend), Franz\u00f6sisch (gut), Spanisch (GK)<\/span><br \/>\n<span style=\"color: #000000;\"><strong>Dialekte:<\/strong> Wienerisch<\/span><br \/>\n<span style=\"color: #000000;\"><strong>Gesang:<\/strong> Bassbariton<\/span><br \/>\n<span style=\"color: #000000;\"><strong>Haarfarbe:<\/strong>&nbsp;braun &nbsp; &nbsp;&nbsp; <strong>Augenfarbe:<\/strong>&nbsp;braun<\/span><br \/>\n<span style=\"color: #000000;\"><strong>Gr\u00f6\u00dfe:<\/strong> 183 cm &nbsp; &nbsp; &nbsp; &nbsp; &nbsp; <strong>Konfektionsgr\u00f6\u00dfe:<\/strong> 48<\/span><br \/>\n<span style=\"color: #000000;\"><strong>Tanz:<\/strong> Standard<\/span><br \/>\n<span style=\"color: #000000;\"><strong>Sport:<\/strong> Fechten (Sport&amp;B\u00fchne), Fu\u00dfball, Tennis, Segeln<\/span><br \/>\n<span style=\"color: #000000;\"><strong>F\u00fchrerschein:<\/strong>&nbsp;B<\/span><br \/>\n<span style=\"color: #000000;\"><strong>Wohnort:<\/strong> W\u00fcrzburg<\/span><\/p>\n<p style=\"text-align: right;\"><span style=\"color: #000000;\">Dan Glazer studied at the acclaimed <em>Otto-Falckenberg School of Acting (2009-2013)<\/em>. Glazer\u2019s developments since 2012 include projects in Zurich, Jagsthausen and Munich. During the seasons of 14\/15 &amp; 15\/16 he was part of the ensemble of the citytheatre in Ulm. From September 2016 onwards Glazer was working as a freelance actor and had several guest appearances at different theatres, like the M\u00fcnchner Kammerspiele or the Bavarian State Opera House. With season 18\/19 &amp; 19\/20 Dan Glazer appeared in the ensemble of the citytheatre of Constance. His work continued in Jagsthausen with Eva Hosemann in 2022. In Liechtenstein, Glazer performed as Hamlet and as Humboldt in Measuring the World.<\/span><\/p>\n<div style=\"width: 520px;\" class=\"wp-video\"><video class=\"wp-video-shortcode\" id=\"video-128-2\" width=\"520\" height=\"292\" preload=\"metadata\" controls=\"controls\"><source type=\"video\/mp4\" src=\"https:\/\/www.danglazer.at\/web\/wp-content\/uploads\/About-Dan-English-23.mp4?_=2\" \/><a href=\"https:\/\/www.danglazer.at\/web\/wp-content\/uploads\/About-Dan-English-23.mp4\">https:\/\/www.danglazer.at\/web\/wp-content\/uploads\/About-Dan-English-23.mp4<\/a><\/video><\/div>\n","protected":false},"excerpt":{"rendered":"<p>Dan Glazer absolvierte das Schauspielstudium an der Otto-Falckenberg Schule in M\u00fcnchen (2009-2013). Seitdem spielte er in einer Vielzahl von Produktionen mit. Zwischen 2014 und 2016 war er Teil des Ensembles [&hellip;]<\/p>\n","protected":false},"author":1,"featured_media":0,"parent":0,"menu_order":0,"comment_status":"closed","ping_status":"closed","template":"","meta":{"_exactmetrics_skip_tracking":false,"_exactmetrics_sitenote_active":false,"_exactmetrics_sitenote_note":"","_exactmetrics_sitenote_category":0,"ngg_post_thumbnail":0,"__cvm_playback_settings":[],"__cvm_video_id":"","footnotes":""},"class_list":["post-128","page","type-page","status-publish","hentry","missing-thumbnail"],"yoast_head":"<!-- This site is optimized with the Yoast SEO plugin v27.5 - https:\/\/yoast.com\/product\/yoast-seo-wordpress\/ -->\n<title>\u00dcber den Schauspieler Dan Glazer<\/title>\n<meta name=\"description\" content=\"Dan Glazer wurde in Wien geboren und arbeitet nach der Ausbildung an der renommierten Schauspielschule Otto-Falckenberg Schule M\u00fcnchen vorwiegend als Theaterschauspieler auf verschieden B\u00fchnen im deutschsprachigen Raum. Der \u00f6sterreichische Schauspieler ist demn\u00e4chst an der Bayerischen Staatsoper zu sehen.\" \/>\n<meta name=\"robots\" content=\"index, follow, max-snippet:-1, max-image-preview:large, max-video-preview:-1\" \/>\n<link rel=\"canonical\" href=\"https:\/\/www.danglazer.at\/web\/bio\/\" \/>\n<meta property=\"og:locale\" content=\"de_DE\" \/>\n<meta property=\"og:type\" content=\"article\" \/>\n<meta property=\"og:title\" content=\"\u00dcber den Schauspieler Dan Glazer\" \/>\n<meta property=\"og:description\" content=\"Dan Glazer wurde in Wien geboren und arbeitet nach der Ausbildung an der renommierten Schauspielschule Otto-Falckenberg Schule M\u00fcnchen vorwiegend als Theaterschauspieler auf verschieden B\u00fchnen im deutschsprachigen Raum. Der \u00f6sterreichische Schauspieler ist demn\u00e4chst an der Bayerischen Staatsoper zu sehen.\" \/>\n<meta property=\"og:url\" content=\"https:\/\/www.danglazer.at\/web\/bio\/\" \/>\n<meta property=\"og:site_name\" content=\"Dan Glazer\" \/>\n<meta property=\"article:publisher\" content=\"https:\/\/www.facebook.com\/schauspielerdanglazer\/?ref=aymt_homepage_panel\" \/>\n<meta property=\"article:modified_time\" content=\"2025-03-06T12:55:32+00:00\" \/>\n<meta property=\"og:image\" content=\"http:\/\/www.danglazer.at\/web\/wp-content\/uploads\/RKS6867-Bearbeitet-200x300.jpg\" \/>\n<meta name=\"twitter:card\" content=\"summary_large_image\" \/>\n<meta name=\"twitter:label1\" content=\"Gesch\u00e4tzte Lesezeit\" \/>\n\t<meta name=\"twitter:data1\" content=\"2\u00a0Minuten\" \/>\n<script type=\"application\/ld+json\" class=\"yoast-schema-graph\">{\"@context\":\"https:\\\/\\\/schema.org\",\"@graph\":[{\"@type\":\"WebPage\",\"@id\":\"https:\\\/\\\/www.danglazer.at\\\/web\\\/bio\\\/\",\"url\":\"https:\\\/\\\/www.danglazer.at\\\/web\\\/bio\\\/\",\"name\":\"\u00dcber den Schauspieler Dan Glazer\",\"isPartOf\":{\"@id\":\"https:\\\/\\\/www.danglazer.at\\\/web\\\/#website\"},\"primaryImageOfPage\":{\"@id\":\"https:\\\/\\\/www.danglazer.at\\\/web\\\/bio\\\/#primaryimage\"},\"image\":{\"@id\":\"https:\\\/\\\/www.danglazer.at\\\/web\\\/bio\\\/#primaryimage\"},\"thumbnailUrl\":\"http:\\\/\\\/www.danglazer.at\\\/web\\\/wp-content\\\/uploads\\\/RKS6867-Bearbeitet-200x300.jpg\",\"datePublished\":\"2013-10-20T11:33:33+00:00\",\"dateModified\":\"2025-03-06T12:55:32+00:00\",\"description\":\"Dan Glazer wurde in Wien geboren und arbeitet nach der Ausbildung an der renommierten Schauspielschule Otto-Falckenberg Schule M\u00fcnchen vorwiegend als Theaterschauspieler auf verschieden B\u00fchnen im deutschsprachigen Raum. Der \u00f6sterreichische Schauspieler ist demn\u00e4chst an der Bayerischen Staatsoper zu sehen.\",\"breadcrumb\":{\"@id\":\"https:\\\/\\\/www.danglazer.at\\\/web\\\/bio\\\/#breadcrumb\"},\"inLanguage\":\"de\",\"potentialAction\":[{\"@type\":\"ReadAction\",\"target\":[\"https:\\\/\\\/www.danglazer.at\\\/web\\\/bio\\\/\"]}]},{\"@type\":\"ImageObject\",\"inLanguage\":\"de\",\"@id\":\"https:\\\/\\\/www.danglazer.at\\\/web\\\/bio\\\/#primaryimage\",\"url\":\"http:\\\/\\\/www.danglazer.at\\\/web\\\/wp-content\\\/uploads\\\/RKS6867-Bearbeitet-200x300.jpg\",\"contentUrl\":\"http:\\\/\\\/www.danglazer.at\\\/web\\\/wp-content\\\/uploads\\\/RKS6867-Bearbeitet-200x300.jpg\"},{\"@type\":\"BreadcrumbList\",\"@id\":\"https:\\\/\\\/www.danglazer.at\\\/web\\\/bio\\\/#breadcrumb\",\"itemListElement\":[{\"@type\":\"ListItem\",\"position\":1,\"name\":\"Startseite\",\"item\":\"https:\\\/\\\/www.danglazer.at\\\/web\\\/\"},{\"@type\":\"ListItem\",\"position\":2,\"name\":\"Person\"}]},{\"@type\":\"WebSite\",\"@id\":\"https:\\\/\\\/www.danglazer.at\\\/web\\\/#website\",\"url\":\"https:\\\/\\\/www.danglazer.at\\\/web\\\/\",\"name\":\"Dan Glazer\",\"description\":\"Schauspieler\",\"potentialAction\":[{\"@type\":\"SearchAction\",\"target\":{\"@type\":\"EntryPoint\",\"urlTemplate\":\"https:\\\/\\\/www.danglazer.at\\\/web\\\/?s={search_term_string}\"},\"query-input\":{\"@type\":\"PropertyValueSpecification\",\"valueRequired\":true,\"valueName\":\"search_term_string\"}}],\"inLanguage\":\"de\"}]}<\/script>\n<!-- \/ Yoast SEO plugin. -->","yoast_head_json":{"title":"\u00dcber den Schauspieler Dan Glazer","description":"Dan Glazer wurde in Wien geboren und arbeitet nach der Ausbildung an der renommierten Schauspielschule Otto-Falckenberg Schule M\u00fcnchen vorwiegend als Theaterschauspieler auf verschieden B\u00fchnen im deutschsprachigen Raum. Der \u00f6sterreichische Schauspieler ist demn\u00e4chst an der Bayerischen Staatsoper zu sehen.","robots":{"index":"index","follow":"follow","max-snippet":"max-snippet:-1","max-image-preview":"max-image-preview:large","max-video-preview":"max-video-preview:-1"},"canonical":"https:\/\/www.danglazer.at\/web\/bio\/","og_locale":"de_DE","og_type":"article","og_title":"\u00dcber den Schauspieler Dan Glazer","og_description":"Dan Glazer wurde in Wien geboren und arbeitet nach der Ausbildung an der renommierten Schauspielschule Otto-Falckenberg Schule M\u00fcnchen vorwiegend als Theaterschauspieler auf verschieden B\u00fchnen im deutschsprachigen Raum. Der \u00f6sterreichische Schauspieler ist demn\u00e4chst an der Bayerischen Staatsoper zu sehen.","og_url":"https:\/\/www.danglazer.at\/web\/bio\/","og_site_name":"Dan Glazer","article_publisher":"https:\/\/www.facebook.com\/schauspielerdanglazer\/?ref=aymt_homepage_panel","article_modified_time":"2025-03-06T12:55:32+00:00","og_image":[{"url":"http:\/\/www.danglazer.at\/web\/wp-content\/uploads\/RKS6867-Bearbeitet-200x300.jpg","type":"","width":"","height":""}],"twitter_card":"summary_large_image","twitter_misc":{"Gesch\u00e4tzte Lesezeit":"2\u00a0Minuten"},"schema":{"@context":"https:\/\/schema.org","@graph":[{"@type":"WebPage","@id":"https:\/\/www.danglazer.at\/web\/bio\/","url":"https:\/\/www.danglazer.at\/web\/bio\/","name":"\u00dcber den Schauspieler Dan Glazer","isPartOf":{"@id":"https:\/\/www.danglazer.at\/web\/#website"},"primaryImageOfPage":{"@id":"https:\/\/www.danglazer.at\/web\/bio\/#primaryimage"},"image":{"@id":"https:\/\/www.danglazer.at\/web\/bio\/#primaryimage"},"thumbnailUrl":"http:\/\/www.danglazer.at\/web\/wp-content\/uploads\/RKS6867-Bearbeitet-200x300.jpg","datePublished":"2013-10-20T11:33:33+00:00","dateModified":"2025-03-06T12:55:32+00:00","description":"Dan Glazer wurde in Wien geboren und arbeitet nach der Ausbildung an der renommierten Schauspielschule Otto-Falckenberg Schule M\u00fcnchen vorwiegend als Theaterschauspieler auf verschieden B\u00fchnen im deutschsprachigen Raum. Der \u00f6sterreichische Schauspieler ist demn\u00e4chst an der Bayerischen Staatsoper zu sehen.","breadcrumb":{"@id":"https:\/\/www.danglazer.at\/web\/bio\/#breadcrumb"},"inLanguage":"de","potentialAction":[{"@type":"ReadAction","target":["https:\/\/www.danglazer.at\/web\/bio\/"]}]},{"@type":"ImageObject","inLanguage":"de","@id":"https:\/\/www.danglazer.at\/web\/bio\/#primaryimage","url":"http:\/\/www.danglazer.at\/web\/wp-content\/uploads\/RKS6867-Bearbeitet-200x300.jpg","contentUrl":"http:\/\/www.danglazer.at\/web\/wp-content\/uploads\/RKS6867-Bearbeitet-200x300.jpg"},{"@type":"BreadcrumbList","@id":"https:\/\/www.danglazer.at\/web\/bio\/#breadcrumb","itemListElement":[{"@type":"ListItem","position":1,"name":"Startseite","item":"https:\/\/www.danglazer.at\/web\/"},{"@type":"ListItem","position":2,"name":"Person"}]},{"@type":"WebSite","@id":"https:\/\/www.danglazer.at\/web\/#website","url":"https:\/\/www.danglazer.at\/web\/","name":"Dan Glazer","description":"Schauspieler","potentialAction":[{"@type":"SearchAction","target":{"@type":"EntryPoint","urlTemplate":"https:\/\/www.danglazer.at\/web\/?s={search_term_string}"},"query-input":{"@type":"PropertyValueSpecification","valueRequired":true,"valueName":"search_term_string"}}],"inLanguage":"de"}]}},"_links":{"self":[{"href":"https:\/\/www.danglazer.at\/web\/wp-json\/wp\/v2\/pages\/128","targetHints":{"allow":["GET"]}}],"collection":[{"href":"https:\/\/www.danglazer.at\/web\/wp-json\/wp\/v2\/pages"}],"about":[{"href":"https:\/\/www.danglazer.at\/web\/wp-json\/wp\/v2\/types\/page"}],"author":[{"embeddable":true,"href":"https:\/\/www.danglazer.at\/web\/wp-json\/wp\/v2\/users\/1"}],"replies":[{"embeddable":true,"href":"https:\/\/www.danglazer.at\/web\/wp-json\/wp\/v2\/comments?post=128"}],"version-history":[{"count":4,"href":"https:\/\/www.danglazer.at\/web\/wp-json\/wp\/v2\/pages\/128\/revisions"}],"predecessor-version":[{"id":3240,"href":"https:\/\/www.danglazer.at\/web\/wp-json\/wp\/v2\/pages\/128\/revisions\/3240"}],"wp:attachment":[{"href":"https:\/\/www.danglazer.at\/web\/wp-json\/wp\/v2\/media?parent=128"}],"curies":[{"name":"wp","href":"https:\/\/api.w.org\/{rel}","templated":true}]}}