{"id":825,"date":"2015-06-09T20:18:08","date_gmt":"2015-06-09T19:18:08","guid":{"rendered":"http:\/\/www.danglazer.at\/web\/?page_id=825"},"modified":"2026-01-08T22:03:56","modified_gmt":"2026-01-08T21:03:56","slug":"aktuelles","status":"publish","type":"page","link":"https:\/\/www.danglazer.at\/web\/","title":{"rendered":"Aktuelles"},"content":{"rendered":"<div id=\"pl-gb825-69d2d1b9b75b8\"  class=\"panel-layout\" ><div id=\"pg-gb825-69d2d1b9b75b8-0\"  class=\"panel-grid panel-no-style\" ><div id=\"pgc-gb825-69d2d1b9b75b8-0-0\"  class=\"panel-grid-cell\" ><div id=\"panel-gb825-69d2d1b9b75b8-0-0-0\" class=\"so-panel widget widget_widget_miyazaki_recent_posts widget_miyazaki_recent_posts panel-first-child panel-last-child\" data-index=\"0\" >\n\t\t\t<ul class=\"miyazaki-widget-list\">\n\n\t\t\t\t\n\t\t\t\t\t<li>\n\n\t\t\t\t\t\t<a href=\"https:\/\/www.danglazer.at\/web\/peter-und-der-wolf-sinfonieorchester-liechtenstein-kevin-griffiths\/\">\n\n\t\t\t\t\t\t\t\n\t\t\t\t\t\t\t<div class=\"post-image\" style=\"background-image: url( https:\/\/www.danglazer.at\/web\/wp-content\/themes\/miyazaki\/assets\/images\/default-fallback-image.png );\"><\/div>\n\n\t\t\t\t\t\t\t<div class=\"inner\">\n\n\t\t\t\t\t\t\t\t<h6>Peter und der Wolf \/ Sinfonieorchester Liechtenstein \/ Kevin Griffiths<\/h6>\n\t\t\t\t\t\t\t\t<p>29. Mai 2025<\/p>\n\n\t\t\t\t\t\t\t<\/div>\n\n\t\t\t\t\t\t<\/a>\n\n\t\t\t\t\t<\/li>\n\n\t\t\t\t\n\t\t\t\t\t<li>\n\n\t\t\t\t\t\t<a href=\"https:\/\/www.danglazer.at\/web\/fotografie-up-to-date\/\">\n\n\t\t\t\t\t\t\t\n\t\t\t\t\t\t\t<div class=\"post-image\" style=\"background-image: url( https:\/\/www.danglazer.at\/web\/wp-content\/themes\/miyazaki\/assets\/images\/default-fallback-image.png );\"><\/div>\n\n\t\t\t\t\t\t\t<div class=\"inner\">\n\n\t\t\t\t\t\t\t\t<h6>Fotografie: Up to date<\/h6>\n\t\t\t\t\t\t\t\t<p>11. M\u00e4rz 2025<\/p>\n\n\t\t\t\t\t\t\t<\/div>\n\n\t\t\t\t\t\t<\/a>\n\n\t\t\t\t\t<\/li>\n\n\t\t\t\t\n\t\t\t\t\t<li>\n\n\t\t\t\t\t\t<a href=\"https:\/\/www.danglazer.at\/web\/about-dan\/\">\n\n\t\t\t\t\t\t\t\n\t\t\t\t\t\t\t<div class=\"post-image\" style=\"background-image: url( https:\/\/www.danglazer.at\/web\/wp-content\/uploads\/sneakpeek-150x150.png );\"><\/div>\n\n\t\t\t\t\t\t\t<div class=\"inner\">\n\n\t\t\t\t\t\t\t\t<h6>ABOUT DAN<\/h6>\n\t\t\t\t\t\t\t\t<p>7. M\u00e4rz 2025<\/p>\n\n\t\t\t\t\t\t\t<\/div>\n\n\t\t\t\t\t\t<\/a>\n\n\t\t\t\t\t<\/li>\n\n\t\t\t\t\n\t\t\t<\/ul>\n\n\t\t\t<\/div><\/div><\/div><\/div>","protected":false},"excerpt":{"rendered":"","protected":false},"author":1,"featured_media":3361,"parent":0,"menu_order":0,"comment_status":"closed","ping_status":"closed","template":"","meta":{"_exactmetrics_skip_tracking":false,"_exactmetrics_sitenote_active":false,"_exactmetrics_sitenote_note":"","_exactmetrics_sitenote_category":0,"ngg_post_thumbnail":0,"__cvm_playback_settings":[],"__cvm_video_id":"","footnotes":""},"class_list":["post-825","page","type-page","status-publish","has-post-thumbnail","hentry","has-thumbnail"],"yoast_head":"<!-- This site is optimized with the Yoast SEO plugin v27.3 - https:\/\/yoast.com\/product\/yoast-seo-wordpress\/ -->\n<title>Aktuelle Produktionen, Premieren und Neuigkeiten auf einen Blick<\/title>\n<meta name=\"description\" content=\"Aktuelle Produktionen und kommende Auftritte sowie Konzerte und Lesungen finden Sie auf dieser Seite. Der Spielplan wird regelm\u00e4\u00dfig aktualisiert. Au\u00dferdem sehen Sie hier auch einen \u00dcberblick \u00fcber die letzten vergangenen Projekte. Musikvideos, Werbespots oder Kurzilme.\" \/>\n<meta name=\"robots\" content=\"index, follow, max-snippet:-1, max-image-preview:large, max-video-preview:-1\" \/>\n<link rel=\"canonical\" href=\"https:\/\/www.danglazer.at\/web\/\" \/>\n<meta property=\"og:locale\" content=\"de_DE\" \/>\n<meta property=\"og:type\" content=\"article\" \/>\n<meta property=\"og:title\" content=\"Aktuelle Produktionen, Premieren und Neuigkeiten auf einen Blick\" \/>\n<meta property=\"og:description\" content=\"Aktuelle Produktionen und kommende Auftritte sowie Konzerte und Lesungen finden Sie auf dieser Seite. Der Spielplan wird regelm\u00e4\u00dfig aktualisiert. Au\u00dferdem sehen Sie hier auch einen \u00dcberblick \u00fcber die letzten vergangenen Projekte. Musikvideos, Werbespots oder Kurzilme.\" \/>\n<meta property=\"og:url\" content=\"https:\/\/www.danglazer.at\/web\/\" \/>\n<meta property=\"og:site_name\" content=\"Dan Glazer\" \/>\n<meta property=\"article:publisher\" content=\"https:\/\/www.facebook.com\/schauspielerdanglazer\/?ref=aymt_homepage_panel\" \/>\n<meta property=\"article:modified_time\" content=\"2026-01-08T21:03:56+00:00\" \/>\n<meta property=\"og:image\" content=\"https:\/\/www.danglazer.at\/web\/wp-content\/uploads\/Dan-Glazer_Nils-Schwarz_B52A2736-scaled.jpg\" \/>\n\t<meta property=\"og:image:width\" content=\"2560\" \/>\n\t<meta property=\"og:image:height\" content=\"1707\" \/>\n\t<meta property=\"og:image:type\" content=\"image\/jpeg\" \/>\n<meta name=\"twitter:card\" content=\"summary_large_image\" \/>\n<meta name=\"twitter:label1\" content=\"Gesch\u00e4tzte Lesezeit\" \/>\n\t<meta name=\"twitter:data1\" content=\"1\u00a0Minute\" \/>\n<script type=\"application\/ld+json\" class=\"yoast-schema-graph\">{\"@context\":\"https:\\\/\\\/schema.org\",\"@graph\":[{\"@type\":\"WebPage\",\"@id\":\"https:\\\/\\\/www.danglazer.at\\\/web\\\/\",\"url\":\"https:\\\/\\\/www.danglazer.at\\\/web\\\/\",\"name\":\"Aktuelle Produktionen, Premieren und Neuigkeiten auf einen Blick\",\"isPartOf\":{\"@id\":\"https:\\\/\\\/www.danglazer.at\\\/web\\\/#website\"},\"primaryImageOfPage\":{\"@id\":\"https:\\\/\\\/www.danglazer.at\\\/web\\\/#primaryimage\"},\"image\":{\"@id\":\"https:\\\/\\\/www.danglazer.at\\\/web\\\/#primaryimage\"},\"thumbnailUrl\":\"https:\\\/\\\/www.danglazer.at\\\/web\\\/wp-content\\\/uploads\\\/Dan-Glazer_Nils-Schwarz_B52A2736-scaled.jpg\",\"datePublished\":\"2015-06-09T19:18:08+00:00\",\"dateModified\":\"2026-01-08T21:03:56+00:00\",\"description\":\"Aktuelle Produktionen und kommende Auftritte sowie Konzerte und Lesungen finden Sie auf dieser Seite. Der Spielplan wird regelm\u00e4\u00dfig aktualisiert. Au\u00dferdem sehen Sie hier auch einen \u00dcberblick \u00fcber die letzten vergangenen Projekte. Musikvideos, Werbespots oder Kurzilme.\",\"breadcrumb\":{\"@id\":\"https:\\\/\\\/www.danglazer.at\\\/web\\\/#breadcrumb\"},\"inLanguage\":\"de\",\"potentialAction\":[{\"@type\":\"ReadAction\",\"target\":[\"https:\\\/\\\/www.danglazer.at\\\/web\\\/\"]}]},{\"@type\":\"ImageObject\",\"inLanguage\":\"de\",\"@id\":\"https:\\\/\\\/www.danglazer.at\\\/web\\\/#primaryimage\",\"url\":\"https:\\\/\\\/www.danglazer.at\\\/web\\\/wp-content\\\/uploads\\\/Dan-Glazer_Nils-Schwarz_B52A2736-scaled.jpg\",\"contentUrl\":\"https:\\\/\\\/www.danglazer.at\\\/web\\\/wp-content\\\/uploads\\\/Dan-Glazer_Nils-Schwarz_B52A2736-scaled.jpg\",\"width\":2560,\"height\":1707},{\"@type\":\"BreadcrumbList\",\"@id\":\"https:\\\/\\\/www.danglazer.at\\\/web\\\/#breadcrumb\",\"itemListElement\":[{\"@type\":\"ListItem\",\"position\":1,\"name\":\"Startseite\",\"item\":\"https:\\\/\\\/www.danglazer.at\\\/web\\\/\"},{\"@type\":\"ListItem\",\"position\":2,\"name\":\"Aktuelles\"}]},{\"@type\":\"WebSite\",\"@id\":\"https:\\\/\\\/www.danglazer.at\\\/web\\\/#website\",\"url\":\"https:\\\/\\\/www.danglazer.at\\\/web\\\/\",\"name\":\"Dan Glazer\",\"description\":\"Schauspieler\",\"potentialAction\":[{\"@type\":\"SearchAction\",\"target\":{\"@type\":\"EntryPoint\",\"urlTemplate\":\"https:\\\/\\\/www.danglazer.at\\\/web\\\/?s={search_term_string}\"},\"query-input\":{\"@type\":\"PropertyValueSpecification\",\"valueRequired\":true,\"valueName\":\"search_term_string\"}}],\"inLanguage\":\"de\"}]}<\/script>\n<!-- \/ Yoast SEO plugin. -->","yoast_head_json":{"title":"Aktuelle Produktionen, Premieren und Neuigkeiten auf einen Blick","description":"Aktuelle Produktionen und kommende Auftritte sowie Konzerte und Lesungen finden Sie auf dieser Seite. Der Spielplan wird regelm\u00e4\u00dfig aktualisiert. Au\u00dferdem sehen Sie hier auch einen \u00dcberblick \u00fcber die letzten vergangenen Projekte. Musikvideos, Werbespots oder Kurzilme.","robots":{"index":"index","follow":"follow","max-snippet":"max-snippet:-1","max-image-preview":"max-image-preview:large","max-video-preview":"max-video-preview:-1"},"canonical":"https:\/\/www.danglazer.at\/web\/","og_locale":"de_DE","og_type":"article","og_title":"Aktuelle Produktionen, Premieren und Neuigkeiten auf einen Blick","og_description":"Aktuelle Produktionen und kommende Auftritte sowie Konzerte und Lesungen finden Sie auf dieser Seite. Der Spielplan wird regelm\u00e4\u00dfig aktualisiert. Au\u00dferdem sehen Sie hier auch einen \u00dcberblick \u00fcber die letzten vergangenen Projekte. Musikvideos, Werbespots oder Kurzilme.","og_url":"https:\/\/www.danglazer.at\/web\/","og_site_name":"Dan Glazer","article_publisher":"https:\/\/www.facebook.com\/schauspielerdanglazer\/?ref=aymt_homepage_panel","article_modified_time":"2026-01-08T21:03:56+00:00","og_image":[{"width":2560,"height":1707,"url":"https:\/\/www.danglazer.at\/web\/wp-content\/uploads\/Dan-Glazer_Nils-Schwarz_B52A2736-scaled.jpg","type":"image\/jpeg"}],"twitter_card":"summary_large_image","twitter_misc":{"Gesch\u00e4tzte Lesezeit":"1\u00a0Minute"},"schema":{"@context":"https:\/\/schema.org","@graph":[{"@type":"WebPage","@id":"https:\/\/www.danglazer.at\/web\/","url":"https:\/\/www.danglazer.at\/web\/","name":"Aktuelle Produktionen, Premieren und Neuigkeiten auf einen Blick","isPartOf":{"@id":"https:\/\/www.danglazer.at\/web\/#website"},"primaryImageOfPage":{"@id":"https:\/\/www.danglazer.at\/web\/#primaryimage"},"image":{"@id":"https:\/\/www.danglazer.at\/web\/#primaryimage"},"thumbnailUrl":"https:\/\/www.danglazer.at\/web\/wp-content\/uploads\/Dan-Glazer_Nils-Schwarz_B52A2736-scaled.jpg","datePublished":"2015-06-09T19:18:08+00:00","dateModified":"2026-01-08T21:03:56+00:00","description":"Aktuelle Produktionen und kommende Auftritte sowie Konzerte und Lesungen finden Sie auf dieser Seite. Der Spielplan wird regelm\u00e4\u00dfig aktualisiert. Au\u00dferdem sehen Sie hier auch einen \u00dcberblick \u00fcber die letzten vergangenen Projekte. Musikvideos, Werbespots oder Kurzilme.","breadcrumb":{"@id":"https:\/\/www.danglazer.at\/web\/#breadcrumb"},"inLanguage":"de","potentialAction":[{"@type":"ReadAction","target":["https:\/\/www.danglazer.at\/web\/"]}]},{"@type":"ImageObject","inLanguage":"de","@id":"https:\/\/www.danglazer.at\/web\/#primaryimage","url":"https:\/\/www.danglazer.at\/web\/wp-content\/uploads\/Dan-Glazer_Nils-Schwarz_B52A2736-scaled.jpg","contentUrl":"https:\/\/www.danglazer.at\/web\/wp-content\/uploads\/Dan-Glazer_Nils-Schwarz_B52A2736-scaled.jpg","width":2560,"height":1707},{"@type":"BreadcrumbList","@id":"https:\/\/www.danglazer.at\/web\/#breadcrumb","itemListElement":[{"@type":"ListItem","position":1,"name":"Startseite","item":"https:\/\/www.danglazer.at\/web\/"},{"@type":"ListItem","position":2,"name":"Aktuelles"}]},{"@type":"WebSite","@id":"https:\/\/www.danglazer.at\/web\/#website","url":"https:\/\/www.danglazer.at\/web\/","name":"Dan Glazer","description":"Schauspieler","potentialAction":[{"@type":"SearchAction","target":{"@type":"EntryPoint","urlTemplate":"https:\/\/www.danglazer.at\/web\/?s={search_term_string}"},"query-input":{"@type":"PropertyValueSpecification","valueRequired":true,"valueName":"search_term_string"}}],"inLanguage":"de"}]}},"_links":{"self":[{"href":"https:\/\/www.danglazer.at\/web\/wp-json\/wp\/v2\/pages\/825","targetHints":{"allow":["GET"]}}],"collection":[{"href":"https:\/\/www.danglazer.at\/web\/wp-json\/wp\/v2\/pages"}],"about":[{"href":"https:\/\/www.danglazer.at\/web\/wp-json\/wp\/v2\/types\/page"}],"author":[{"embeddable":true,"href":"https:\/\/www.danglazer.at\/web\/wp-json\/wp\/v2\/users\/1"}],"replies":[{"embeddable":true,"href":"https:\/\/www.danglazer.at\/web\/wp-json\/wp\/v2\/comments?post=825"}],"version-history":[{"count":26,"href":"https:\/\/www.danglazer.at\/web\/wp-json\/wp\/v2\/pages\/825\/revisions"}],"predecessor-version":[{"id":3362,"href":"https:\/\/www.danglazer.at\/web\/wp-json\/wp\/v2\/pages\/825\/revisions\/3362"}],"wp:featuredmedia":[{"embeddable":true,"href":"https:\/\/www.danglazer.at\/web\/wp-json\/wp\/v2\/media\/3361"}],"wp:attachment":[{"href":"https:\/\/www.danglazer.at\/web\/wp-json\/wp\/v2\/media?parent=825"}],"curies":[{"name":"wp","href":"https:\/\/api.w.org\/{rel}","templated":true}]}}